{"id":26,"date":"2022-12-20T16:16:18","date_gmt":"2022-12-20T15:16:18","guid":{"rendered":"https:\/\/orchidee-studio.de\/?page_id=26"},"modified":"2023-02-19T12:39:24","modified_gmt":"2023-02-19T11:39:24","slug":"behandlungen","status":"publish","type":"page","link":"https:\/\/orchidee-studio.de\/?page_id=26","title":{"rendered":"Behandlungen"},"content":{"rendered":"\n<p>Keine Haut ist wie die andere und keine Haut bleibt, wie sie ist.<br>Altersbedingte Ver\u00e4nderungen, Umweltfaktoren, Stress und die innere Balance \u2013<br>Dies alles bestimmt das Aussehen unserer Haut und zeigt, wie wir uns in ihr f\u00fchlen.<br>Lassen Sie sich verw\u00f6hnen und entspannen Sie bei unseren zahlreichen Anwendungen.<br>Sch\u00f6pfen Sie neue Kraft und Energie um sich wieder wohl in ihrer Haut zu f\u00fchlen.<br><br>Behandlungen:<\/p>\n\n\n\n<ul class=\"wp-block-list\">\n<li>Make-up<\/li>\n\n\n\n<li>Manik\u00fcre<\/li>\n\n\n\n<li>Augenpflege<\/li>\n\n\n\n<li>Wellness-Massagen<\/li>\n\n\n\n<li>Wimpernverl\u00e4ngerung<\/li>\n\n\n\n<li>Gesichtspflege<\/li>\n\n\n\n<li>Fu\u00dfpflege<\/li>\n\n\n\n<li>Depilation<\/li>\n\n\n\n<li>Handpflege<\/li>\n\n\n\n<li>Nail-Modellage<\/li>\n<\/ul>\n","protected":false},"excerpt":{"rendered":"<p>Keine Haut ist wie die andere und keine Haut bleibt, wie sie ist.Altersbedingte Ver\u00e4nderungen, Umweltfaktoren, Stress und die innere Balance \u2013Dies alles bestimmt das Aussehen unserer Haut und zeigt, wie wir uns in ihr f\u00fchlen.Lassen Sie sich verw\u00f6hnen und entspannen Sie bei unseren zahlreichen Anwendungen.Sch\u00f6pfen Sie neue Kraft und Energie um sich wieder wohl in &hellip; <a href=\"https:\/\/orchidee-studio.de\/?page_id=26\" class=\"more-link\"><span class=\"screen-reader-text\">Behandlungen<\/span> weiterlesen <span class=\"meta-nav\">&rarr;<\/span><\/a><\/p>\n","protected":false},"author":1,"featured_media":0,"parent":0,"menu_order":0,"comment_status":"closed","ping_status":"closed","template":"","meta":{"footnotes":""},"class_list":["post-26","page","type-page","status-publish","hentry"],"yoast_head":"<!-- This site is optimized with the Yoast SEO plugin v20.7 - https:\/\/yoast.com\/wordpress\/plugins\/seo\/ -->\n<title>Behandlungen - Kosmetikstudio<\/title>\n<meta name=\"description\" content=\"Behandlungen\" \/>\n<meta name=\"robots\" content=\"index, follow, max-snippet:-1, max-image-preview:large, max-video-preview:-1\" \/>\n<link rel=\"canonical\" href=\"https:\/\/orchidee-studio.de\/?page_id=26\" \/>\n<meta property=\"og:locale\" content=\"de_DE\" \/>\n<meta property=\"og:type\" content=\"article\" \/>\n<meta property=\"og:title\" content=\"Behandlungen - Kosmetikstudio\" \/>\n<meta property=\"og:description\" content=\"Behandlungen\" \/>\n<meta property=\"og:url\" content=\"https:\/\/orchidee-studio.de\/?page_id=26\" \/>\n<meta property=\"og:site_name\" content=\"Kosmetikstudio\" \/>\n<meta property=\"article:publisher\" content=\"https:\/\/www.facebook.com\/profile.php?id=100088831060094\" \/>\n<meta property=\"article:modified_time\" content=\"2023-02-19T11:39:24+00:00\" \/>\n<meta name=\"twitter:card\" content=\"summary_large_image\" \/>\n<meta name=\"twitter:label1\" content=\"Gesch\u00e4tzte Lesezeit\" \/>\n\t<meta name=\"twitter:data1\" content=\"1\u00a0Minute\" \/>\n<script type=\"application\/ld+json\" class=\"yoast-schema-graph\">{\"@context\":\"https:\/\/schema.org\",\"@graph\":[{\"@type\":\"WebPage\",\"@id\":\"https:\/\/orchidee-studio.de\/?page_id=26\",\"url\":\"https:\/\/orchidee-studio.de\/?page_id=26\",\"name\":\"Behandlungen - Kosmetikstudio\",\"isPartOf\":{\"@id\":\"https:\/\/orchidee-studio.de\/#website\"},\"datePublished\":\"2022-12-20T15:16:18+00:00\",\"dateModified\":\"2023-02-19T11:39:24+00:00\",\"description\":\"Behandlungen\",\"breadcrumb\":{\"@id\":\"https:\/\/orchidee-studio.de\/?page_id=26#breadcrumb\"},\"inLanguage\":\"de\",\"potentialAction\":[{\"@type\":\"ReadAction\",\"target\":[\"https:\/\/orchidee-studio.de\/?page_id=26\"]}]},{\"@type\":\"BreadcrumbList\",\"@id\":\"https:\/\/orchidee-studio.de\/?page_id=26#breadcrumb\",\"itemListElement\":[{\"@type\":\"ListItem\",\"position\":1,\"name\":\"Startseite\",\"item\":\"https:\/\/orchidee-studio.de\/\"},{\"@type\":\"ListItem\",\"position\":2,\"name\":\"Behandlungen\"}]},{\"@type\":\"WebSite\",\"@id\":\"https:\/\/orchidee-studio.de\/#website\",\"url\":\"https:\/\/orchidee-studio.de\/\",\"name\":\"Kosmetikstudio\",\"description\":\"\",\"publisher\":{\"@id\":\"https:\/\/orchidee-studio.de\/#organization\"},\"potentialAction\":[{\"@type\":\"SearchAction\",\"target\":{\"@type\":\"EntryPoint\",\"urlTemplate\":\"https:\/\/orchidee-studio.de\/?s={search_term_string}\"},\"query-input\":\"required name=search_term_string\"}],\"inLanguage\":\"de\"},{\"@type\":\"Organization\",\"@id\":\"https:\/\/orchidee-studio.de\/#organization\",\"name\":\"Kosmetikstudio\",\"url\":\"https:\/\/orchidee-studio.de\/\",\"logo\":{\"@type\":\"ImageObject\",\"inLanguage\":\"de\",\"@id\":\"https:\/\/orchidee-studio.de\/#\/schema\/logo\/image\/\",\"url\":\"https:\/\/orchidee-studio.de\/wp-content\/uploads\/2023\/02\/logo.jpg\",\"contentUrl\":\"https:\/\/orchidee-studio.de\/wp-content\/uploads\/2023\/02\/logo.jpg\",\"width\":1260,\"height\":240,\"caption\":\"Kosmetikstudio\"},\"image\":{\"@id\":\"https:\/\/orchidee-studio.de\/#\/schema\/logo\/image\/\"},\"sameAs\":[\"https:\/\/www.facebook.com\/profile.php?id=100088831060094\"]}]}<\/script>\n<!-- \/ Yoast SEO plugin. -->","yoast_head_json":{"title":"Behandlungen - Kosmetikstudio","description":"Behandlungen","robots":{"index":"index","follow":"follow","max-snippet":"max-snippet:-1","max-image-preview":"max-image-preview:large","max-video-preview":"max-video-preview:-1"},"canonical":"https:\/\/orchidee-studio.de\/?page_id=26","og_locale":"de_DE","og_type":"article","og_title":"Behandlungen - Kosmetikstudio","og_description":"Behandlungen","og_url":"https:\/\/orchidee-studio.de\/?page_id=26","og_site_name":"Kosmetikstudio","article_publisher":"https:\/\/www.facebook.com\/profile.php?id=100088831060094","article_modified_time":"2023-02-19T11:39:24+00:00","twitter_card":"summary_large_image","twitter_misc":{"Gesch\u00e4tzte Lesezeit":"1\u00a0Minute"},"schema":{"@context":"https:\/\/schema.org","@graph":[{"@type":"WebPage","@id":"https:\/\/orchidee-studio.de\/?page_id=26","url":"https:\/\/orchidee-studio.de\/?page_id=26","name":"Behandlungen - Kosmetikstudio","isPartOf":{"@id":"https:\/\/orchidee-studio.de\/#website"},"datePublished":"2022-12-20T15:16:18+00:00","dateModified":"2023-02-19T11:39:24+00:00","description":"Behandlungen","breadcrumb":{"@id":"https:\/\/orchidee-studio.de\/?page_id=26#breadcrumb"},"inLanguage":"de","potentialAction":[{"@type":"ReadAction","target":["https:\/\/orchidee-studio.de\/?page_id=26"]}]},{"@type":"BreadcrumbList","@id":"https:\/\/orchidee-studio.de\/?page_id=26#breadcrumb","itemListElement":[{"@type":"ListItem","position":1,"name":"Startseite","item":"https:\/\/orchidee-studio.de\/"},{"@type":"ListItem","position":2,"name":"Behandlungen"}]},{"@type":"WebSite","@id":"https:\/\/orchidee-studio.de\/#website","url":"https:\/\/orchidee-studio.de\/","name":"Kosmetikstudio","description":"","publisher":{"@id":"https:\/\/orchidee-studio.de\/#organization"},"potentialAction":[{"@type":"SearchAction","target":{"@type":"EntryPoint","urlTemplate":"https:\/\/orchidee-studio.de\/?s={search_term_string}"},"query-input":"required name=search_term_string"}],"inLanguage":"de"},{"@type":"Organization","@id":"https:\/\/orchidee-studio.de\/#organization","name":"Kosmetikstudio","url":"https:\/\/orchidee-studio.de\/","logo":{"@type":"ImageObject","inLanguage":"de","@id":"https:\/\/orchidee-studio.de\/#\/schema\/logo\/image\/","url":"https:\/\/orchidee-studio.de\/wp-content\/uploads\/2023\/02\/logo.jpg","contentUrl":"https:\/\/orchidee-studio.de\/wp-content\/uploads\/2023\/02\/logo.jpg","width":1260,"height":240,"caption":"Kosmetikstudio"},"image":{"@id":"https:\/\/orchidee-studio.de\/#\/schema\/logo\/image\/"},"sameAs":["https:\/\/www.facebook.com\/profile.php?id=100088831060094"]}]}},"_links":{"self":[{"href":"https:\/\/orchidee-studio.de\/index.php?rest_route=\/wp\/v2\/pages\/26","targetHints":{"allow":["GET"]}}],"collection":[{"href":"https:\/\/orchidee-studio.de\/index.php?rest_route=\/wp\/v2\/pages"}],"about":[{"href":"https:\/\/orchidee-studio.de\/index.php?rest_route=\/wp\/v2\/types\/page"}],"author":[{"embeddable":true,"href":"https:\/\/orchidee-studio.de\/index.php?rest_route=\/wp\/v2\/users\/1"}],"replies":[{"embeddable":true,"href":"https:\/\/orchidee-studio.de\/index.php?rest_route=%2Fwp%2Fv2%2Fcomments&post=26"}],"version-history":[{"count":2,"href":"https:\/\/orchidee-studio.de\/index.php?rest_route=\/wp\/v2\/pages\/26\/revisions"}],"predecessor-version":[{"id":98,"href":"https:\/\/orchidee-studio.de\/index.php?rest_route=\/wp\/v2\/pages\/26\/revisions\/98"}],"wp:attachment":[{"href":"https:\/\/orchidee-studio.de\/index.php?rest_route=%2Fwp%2Fv2%2Fmedia&parent=26"}],"curies":[{"name":"wp","href":"https:\/\/api.w.org\/{rel}","templated":true}]}}