{"id":12,"date":"2022-12-20T15:47:23","date_gmt":"2022-12-20T14:47:23","guid":{"rendered":"https:\/\/orchidee-studio.de\/?page_id=12"},"modified":"2023-02-19T12:38:24","modified_gmt":"2023-02-19T11:38:24","slug":"alles-fuer-das-gesicht","status":"publish","type":"page","link":"https:\/\/orchidee-studio.de\/?page_id=12","title":{"rendered":"Alles f\u00fcr das Gesicht"},"content":{"rendered":"\n<ul class=\"wp-block-list\">\n<li>Basis Gesichtspflege: Hautdiagnose, Gesichtsreinigung, Aromadampf, Entfernen von Hautunreinheiten, Peeling, Augenbrauen zupfen, Packung (Maske), Tagespflege<\/li>\n\n\n\n<li>Winter-Aroma Behandlungspaket mit Seiden-R\u00fcckenpackung: Hautdiagnose, Gesichtsreinigung, Aromadampf, Enfernen von Hautunreinheiten, Aromapeeling, Augenbraun zupfen und f\u00e4rben, Wimpern f\u00e4rben, Aromapackung (Maske), Tagespflege, Aroma-\/Gesichtsmassage, Tages-Makeup<\/li>\n\n\n\n<li>Luxus Gesichtspflege = Basis Gesichtspflege + Gesichtsdepilation \/ Augenbrauen f\u00e4rben \/ Wimpern f\u00e4rben \/ Wirkstoff (Ampulle) f\u00fcrs Gesicht, Dekoltee und Augenbereich \/ Maske f\u00fcrs Dekoltee \/ entspannende Gesichtsmassage \/ Tages-Make-up \/ Pflegeberatung<\/li>\n\n\n\n<li>Tage-Make-up<\/li>\n\n\n\n<li>Abend-Make-up<\/li>\n\n\n\n<li>Augenbraunzupfen<\/li>\n\n\n\n<li>Augenbraunf\u00e4rben<\/li>\n\n\n\n<li>Wimpernf\u00e4rben<\/li>\n\n\n\n<li>Damenbartentfernung<\/li>\n\n\n\n<li>Einzelne Wimpernverl\u00e4ngerung<\/li>\n\n\n\n<li>Wimperndauerwelle<\/li>\n<\/ul>\n\n\n\n<h3 class=\"wp-block-heading\">Gesichtsbehandlungen Aparativ<\/h3>\n\n\n\n<h3 class=\"wp-block-heading\">Neue Methoden f\u00fcr ein jugendliches Aussehen<\/h3>\n\n\n\n<p>Die neuen Methoden f\u00fcr ihr jugendliches Aussehen:<\/p>\n\n\n\n<ul class=\"wp-block-list\">\n<li>Mesoporation<\/li>\n\n\n\n<li>Diamant Mikrodermabrasion (DMD)<\/li>\n\n\n\n<li>Elektro Muskul\u00e4re Stimulation (EMS)<\/li>\n<\/ul>\n\n\n\n<h3 class=\"wp-block-heading\">Mesoporation, die schmerzfreie Wunderwaffe in der Anti-Aging Behandlung<\/h3>\n\n\n\n<p>Die Mesoporationsbehandlung geht auf die Grundlagenforschung der so genannten Elektroporation zur\u00fcck. 2003 erhielt ein Forscherteam aus Amerika einen Nobelpreis f\u00fcr Chemie, da sie entdeckten, dass sich bei einer bestimmten Stromfrequenz Feuchtigkeitskan\u00e4le in der Haut \u00f6ffnen lassen, in diese man Wirkstoffe ohne Nadel einbringen kann.<br>Schnelle, elektrische Impulse erzeugen ein Niedrigspannungsfeld, wodurch die Einbringung von sogar gro\u00dfmolekularen Wirkstoffen gew\u00e4hrleistet ist. Diese Methode nennt man Mesoporation und bietet eine schonende und schmerzfreie Alternative zur Mesotherapie mit Nadeln.<br>Sensationelle und nachhaltige Ergebnisse werden erreicht und das Ganze absolut ohne Infektionsrisiko. Nach der Behandlung entstehen keine unerw\u00fcnschten Nebenwirkungen wie H\u00e4matome oder Quaddelbildung, es kommt nicht zur Ausfallzeiten.<br><br>Das Ziel ist:<\/p>\n\n\n\n<p>sichtbare und nachhaltige Ergebnisse in der Anti-Aging-, Problemhaut- und Cellulite-Behandlung.<br><br><br>Unser Angebot f\u00fcr Sie:<\/p>\n\n\n\n<p>Mesoporationsbehandlung (Unterspritzungseffekt \u2013 ohne Nadeln), Hautdiagnose, Gesichtsreinigung, Aromadampf, Entfernung von Hautunreinheiten, Peeling, Augenbrauen zupfen, Aufnahme der Haut, Mesopr\u00e4parate und Wirkstoffe, Packung (Maske).<\/p>\n\n\n","protected":false},"excerpt":{"rendered":"<p>Gesichtsbehandlungen Aparativ Neue Methoden f\u00fcr ein jugendliches Aussehen Die neuen Methoden f\u00fcr ihr jugendliches Aussehen: Mesoporation, die schmerzfreie Wunderwaffe in der Anti-Aging Behandlung Die Mesoporationsbehandlung geht auf die Grundlagenforschung der so genannten Elektroporation zur\u00fcck. 2003 erhielt ein Forscherteam aus Amerika einen Nobelpreis f\u00fcr Chemie, da sie entdeckten, dass sich bei einer bestimmten Stromfrequenz Feuchtigkeitskan\u00e4le in &hellip; <a href=\"https:\/\/orchidee-studio.de\/?page_id=12\" class=\"more-link\"><span class=\"screen-reader-text\">Alles f\u00fcr das Gesicht<\/span> weiterlesen <span class=\"meta-nav\">&rarr;<\/span><\/a><\/p>\n","protected":false},"author":1,"featured_media":133,"parent":0,"menu_order":0,"comment_status":"closed","ping_status":"closed","template":"","meta":{"footnotes":""},"class_list":["post-12","page","type-page","status-publish","has-post-thumbnail","hentry"],"yoast_head":"<!-- This site is optimized with the Yoast SEO plugin v20.7 - https:\/\/yoast.com\/wordpress\/plugins\/seo\/ -->\n<title>Alles f\u00fcr das Gesicht - Kosmetikstudio<\/title>\n<meta name=\"description\" content=\"Alles f\u00fcr das Gesicht\" \/>\n<meta name=\"robots\" content=\"index, follow, max-snippet:-1, max-image-preview:large, max-video-preview:-1\" \/>\n<link rel=\"canonical\" href=\"https:\/\/orchidee-studio.de\/?page_id=12\" \/>\n<meta property=\"og:locale\" content=\"de_DE\" \/>\n<meta property=\"og:type\" content=\"article\" \/>\n<meta property=\"og:title\" content=\"Alles f\u00fcr das Gesicht - Kosmetikstudio\" \/>\n<meta property=\"og:description\" content=\"Alles f\u00fcr das Gesicht\" \/>\n<meta property=\"og:url\" content=\"https:\/\/orchidee-studio.de\/?page_id=12\" \/>\n<meta property=\"og:site_name\" content=\"Kosmetikstudio\" \/>\n<meta property=\"article:publisher\" content=\"https:\/\/www.facebook.com\/profile.php?id=100088831060094\" \/>\n<meta property=\"article:modified_time\" content=\"2023-02-19T11:38:24+00:00\" \/>\n<meta property=\"og:image\" content=\"https:\/\/orchidee-studio.de\/wp-content\/uploads\/2023\/02\/gesicht.jpg\" \/>\n\t<meta property=\"og:image:width\" content=\"1038\" \/>\n\t<meta property=\"og:image:height\" content=\"576\" \/>\n\t<meta property=\"og:image:type\" content=\"image\/jpeg\" \/>\n<meta name=\"twitter:card\" content=\"summary_large_image\" \/>\n<meta name=\"twitter:label1\" content=\"Gesch\u00e4tzte Lesezeit\" \/>\n\t<meta name=\"twitter:data1\" content=\"2\u00a0Minuten\" \/>\n<script type=\"application\/ld+json\" class=\"yoast-schema-graph\">{\"@context\":\"https:\/\/schema.org\",\"@graph\":[{\"@type\":\"WebPage\",\"@id\":\"https:\/\/orchidee-studio.de\/?page_id=12\",\"url\":\"https:\/\/orchidee-studio.de\/?page_id=12\",\"name\":\"Alles f\u00fcr das Gesicht - Kosmetikstudio\",\"isPartOf\":{\"@id\":\"https:\/\/orchidee-studio.de\/#website\"},\"datePublished\":\"2022-12-20T14:47:23+00:00\",\"dateModified\":\"2023-02-19T11:38:24+00:00\",\"description\":\"Alles f\u00fcr das Gesicht\",\"breadcrumb\":{\"@id\":\"https:\/\/orchidee-studio.de\/?page_id=12#breadcrumb\"},\"inLanguage\":\"de\",\"potentialAction\":[{\"@type\":\"ReadAction\",\"target\":[\"https:\/\/orchidee-studio.de\/?page_id=12\"]}]},{\"@type\":\"BreadcrumbList\",\"@id\":\"https:\/\/orchidee-studio.de\/?page_id=12#breadcrumb\",\"itemListElement\":[{\"@type\":\"ListItem\",\"position\":1,\"name\":\"Startseite\",\"item\":\"https:\/\/orchidee-studio.de\/\"},{\"@type\":\"ListItem\",\"position\":2,\"name\":\"Alles f\u00fcr das Gesicht\"}]},{\"@type\":\"WebSite\",\"@id\":\"https:\/\/orchidee-studio.de\/#website\",\"url\":\"https:\/\/orchidee-studio.de\/\",\"name\":\"Kosmetikstudio\",\"description\":\"\",\"publisher\":{\"@id\":\"https:\/\/orchidee-studio.de\/#organization\"},\"potentialAction\":[{\"@type\":\"SearchAction\",\"target\":{\"@type\":\"EntryPoint\",\"urlTemplate\":\"https:\/\/orchidee-studio.de\/?s={search_term_string}\"},\"query-input\":\"required name=search_term_string\"}],\"inLanguage\":\"de\"},{\"@type\":\"Organization\",\"@id\":\"https:\/\/orchidee-studio.de\/#organization\",\"name\":\"Kosmetikstudio\",\"url\":\"https:\/\/orchidee-studio.de\/\",\"logo\":{\"@type\":\"ImageObject\",\"inLanguage\":\"de\",\"@id\":\"https:\/\/orchidee-studio.de\/#\/schema\/logo\/image\/\",\"url\":\"https:\/\/orchidee-studio.de\/wp-content\/uploads\/2023\/02\/logo.jpg\",\"contentUrl\":\"https:\/\/orchidee-studio.de\/wp-content\/uploads\/2023\/02\/logo.jpg\",\"width\":1260,\"height\":240,\"caption\":\"Kosmetikstudio\"},\"image\":{\"@id\":\"https:\/\/orchidee-studio.de\/#\/schema\/logo\/image\/\"},\"sameAs\":[\"https:\/\/www.facebook.com\/profile.php?id=100088831060094\"]}]}<\/script>\n<!-- \/ Yoast SEO plugin. -->","yoast_head_json":{"title":"Alles f\u00fcr das Gesicht - Kosmetikstudio","description":"Alles f\u00fcr das Gesicht","robots":{"index":"index","follow":"follow","max-snippet":"max-snippet:-1","max-image-preview":"max-image-preview:large","max-video-preview":"max-video-preview:-1"},"canonical":"https:\/\/orchidee-studio.de\/?page_id=12","og_locale":"de_DE","og_type":"article","og_title":"Alles f\u00fcr das Gesicht - Kosmetikstudio","og_description":"Alles f\u00fcr das Gesicht","og_url":"https:\/\/orchidee-studio.de\/?page_id=12","og_site_name":"Kosmetikstudio","article_publisher":"https:\/\/www.facebook.com\/profile.php?id=100088831060094","article_modified_time":"2023-02-19T11:38:24+00:00","og_image":[{"width":1038,"height":576,"url":"https:\/\/orchidee-studio.de\/wp-content\/uploads\/2023\/02\/gesicht.jpg","type":"image\/jpeg"}],"twitter_card":"summary_large_image","twitter_misc":{"Gesch\u00e4tzte Lesezeit":"2\u00a0Minuten"},"schema":{"@context":"https:\/\/schema.org","@graph":[{"@type":"WebPage","@id":"https:\/\/orchidee-studio.de\/?page_id=12","url":"https:\/\/orchidee-studio.de\/?page_id=12","name":"Alles f\u00fcr das Gesicht - Kosmetikstudio","isPartOf":{"@id":"https:\/\/orchidee-studio.de\/#website"},"datePublished":"2022-12-20T14:47:23+00:00","dateModified":"2023-02-19T11:38:24+00:00","description":"Alles f\u00fcr das Gesicht","breadcrumb":{"@id":"https:\/\/orchidee-studio.de\/?page_id=12#breadcrumb"},"inLanguage":"de","potentialAction":[{"@type":"ReadAction","target":["https:\/\/orchidee-studio.de\/?page_id=12"]}]},{"@type":"BreadcrumbList","@id":"https:\/\/orchidee-studio.de\/?page_id=12#breadcrumb","itemListElement":[{"@type":"ListItem","position":1,"name":"Startseite","item":"https:\/\/orchidee-studio.de\/"},{"@type":"ListItem","position":2,"name":"Alles f\u00fcr das Gesicht"}]},{"@type":"WebSite","@id":"https:\/\/orchidee-studio.de\/#website","url":"https:\/\/orchidee-studio.de\/","name":"Kosmetikstudio","description":"","publisher":{"@id":"https:\/\/orchidee-studio.de\/#organization"},"potentialAction":[{"@type":"SearchAction","target":{"@type":"EntryPoint","urlTemplate":"https:\/\/orchidee-studio.de\/?s={search_term_string}"},"query-input":"required name=search_term_string"}],"inLanguage":"de"},{"@type":"Organization","@id":"https:\/\/orchidee-studio.de\/#organization","name":"Kosmetikstudio","url":"https:\/\/orchidee-studio.de\/","logo":{"@type":"ImageObject","inLanguage":"de","@id":"https:\/\/orchidee-studio.de\/#\/schema\/logo\/image\/","url":"https:\/\/orchidee-studio.de\/wp-content\/uploads\/2023\/02\/logo.jpg","contentUrl":"https:\/\/orchidee-studio.de\/wp-content\/uploads\/2023\/02\/logo.jpg","width":1260,"height":240,"caption":"Kosmetikstudio"},"image":{"@id":"https:\/\/orchidee-studio.de\/#\/schema\/logo\/image\/"},"sameAs":["https:\/\/www.facebook.com\/profile.php?id=100088831060094"]}]}},"_links":{"self":[{"href":"https:\/\/orchidee-studio.de\/index.php?rest_route=\/wp\/v2\/pages\/12","targetHints":{"allow":["GET"]}}],"collection":[{"href":"https:\/\/orchidee-studio.de\/index.php?rest_route=\/wp\/v2\/pages"}],"about":[{"href":"https:\/\/orchidee-studio.de\/index.php?rest_route=\/wp\/v2\/types\/page"}],"author":[{"embeddable":true,"href":"https:\/\/orchidee-studio.de\/index.php?rest_route=\/wp\/v2\/users\/1"}],"replies":[{"embeddable":true,"href":"https:\/\/orchidee-studio.de\/index.php?rest_route=%2Fwp%2Fv2%2Fcomments&post=12"}],"version-history":[{"count":10,"href":"https:\/\/orchidee-studio.de\/index.php?rest_route=\/wp\/v2\/pages\/12\/revisions"}],"predecessor-version":[{"id":130,"href":"https:\/\/orchidee-studio.de\/index.php?rest_route=\/wp\/v2\/pages\/12\/revisions\/130"}],"wp:featuredmedia":[{"embeddable":true,"href":"https:\/\/orchidee-studio.de\/index.php?rest_route=\/wp\/v2\/media\/133"}],"wp:attachment":[{"href":"https:\/\/orchidee-studio.de\/index.php?rest_route=%2Fwp%2Fv2%2Fmedia&parent=12"}],"curies":[{"name":"wp","href":"https:\/\/api.w.org\/{rel}","templated":true}]}}